{"id":71,"date":"2011-12-11T16:50:26","date_gmt":"2011-12-11T15:50:26","guid":{"rendered":"http:\/\/geschichteplusn.de\/?page_id=71"},"modified":"2025-06-13T20:47:47","modified_gmt":"2025-06-13T18:47:47","slug":"studio","status":"publish","type":"page","link":"https:\/\/spruchreif.com\/?page_id=71","title":{"rendered":"Studio"},"content":{"rendered":"<div id=\"wp_fb_like_button\" style=\"margin:5px 0 5px 5px;float:right;height:100px;\"><script src=\"http:\/\/connect.facebook.net\/en_US\/all.js#xfbml=1\"><\/script><fb:like href=\"https:\/\/spruchreif.com\/?page_id=71\" send=\"false\" layout=\"standard\" width=\"450\" show_faces=\"false\" font=\"verdana\" action=\"like\" colorscheme=\"light\"><\/fb:like><\/div>\n<p><strong>spruchreifes STUDIO<\/strong><\/p>\n\n\n\n<figure class=\"wp-block-image\"><img decoding=\"async\" src=\"https:\/\/spruchreif.com\/wp-content\/uploads\/2024\/11\/IMG_1124-scaled.jpg\" alt=\"\"\/><\/figure>\n\n\n\n<p>\nAusgew\u00e4hlte Technik und eine Liebe zur Aufnahmeperfektion erm\u00f6glichen amtlichen Sound.<br> Aber das Wichtigste f\u00fcr mich:<br><strong>Es soll Spa\u00df machen<\/strong>.<br>\n\n\nGern mit Liveregie \u00fcber IP oder einfach \u00fcbers Telefon<br>\nund oder gern auch bei euch im Studio.\n<\/p>\n\n\n\n<figure class=\"wp-block-image\"><img decoding=\"async\" src=\"https:\/\/spruchreif.com\/wp-content\/uploads\/2024\/02\/IMG_8705.jpg\" alt=\"\"\/><\/figure>\n\n\n<p><strong>Mikrofone<\/strong>:<\/p>\n<p><!-- \/wp:post-content --><\/p>\n<p>diverse u.a. NEUMANN U89 i, R\u00d8DE NT1, SENNHEISER e914 und MD21, ZOOM Pro<\/p>\n<p><!-- \/wp:paragraph --><\/p>\n<p><strong>Sprecherkabine<\/strong>:<\/p>\n<p>&#8220;Die Studiobox&#8221; 2x2m Innenma\u00dfe<\/p>\n<p><!-- wp:image --><\/p>\n<figure class=\"wp-block-image\"><img decoding=\"async\" src=\"https:\/\/spruchreif.com\/wp-content\/uploads\/2024\/02\/spruchreif-kabine.jpg\" alt=\"\" \/><\/figure>\n<p><!-- \/wp:image --><\/p>\n<p><!-- \/wp:paragraph --><\/p>\n<p><!-- wp:paragraph --><\/p>\n<p><strong>Hardware<\/strong>:<\/p>\n<p><!-- \/wp:paragraph --><\/p>\n<p>GENELEC, CANTON, FOSTEX, MAC audio editing, TL Audio, SPL, Digidesign, UAD, ROLI Seaboard Rise 25, Ableton Push, viele Synthesizer und diverse controller<\/p>\n\n<p><!-- wp:paragraph --><\/p>\n<p><strong>Software<\/strong>:<!-- \/wp:paragraph --><!-- wp:paragraph --><\/p>\n<p>macOS, pro tools, ableton, izotope (ozone, rx, neutron), fabfilter bundle, diverse plugins<!-- wp:paragraph --><!-- wp:paragraph --><\/p>\n<p><strong>Transfer<\/strong>:<\/p>\n<p><!-- \/wp:paragraph --> spruchreif.com Secure Data Exchange, IP, FTP, email<br \/>alle Formate<br \/>secure EXCHANGE<!-- \/wp:paragraph --><!-- wp:paragraph --><!-- wp:image --><\/p>\n<figure class=\"wp-block-image\"><img decoding=\"async\" src=\"https:\/\/spruchreif.com\/wp-content\/uploads\/2024\/02\/spruchreif.jpg\" alt=\"&quot;\/\" \/><\/figure>\n<p><em>Spruchreif<\/em> \/ Klaus B. Wolf<br \/>Klenzestr. 46 \/ 80469 M\u00fcnchen<br \/>Tel: 089 2604105 \/ Mobil: 0179 6958191<br \/><a href=\"mailto:info@spruchreif.com\">info@spruchreif.com<\/a><\/p>\n<p><!-- \/wp:image --><\/p>","protected":false},"excerpt":{"rendered":"<p>spruchreifes STUDIO<\/p>\n<p> Ausgew\u00e4hlte Technik und eine Liebe zur Aufnahmeperfektion erm\u00f6glichen amtlichen Sound.<br \/> Aber das Wichtigste f\u00fcr mich:<br \/>Es soll Spa\u00df machen.<br \/> Gern mit Liveregie \u00fcber IP oder einfach \u00fcbers Telefon<br \/> und oder gern auch bei euch im Studio. <\/p>\n<p>Mikrofone:<\/p>\n<\/p>\n<p>diverse u.a. NEUMANN U89 i, R\u00d8DE NT1, SENNHEISER e914 und MD21, ZOOM Pro<\/p>\n<\/p>\n<p> [&#8230;]<\/p>\n","protected":false},"author":1,"featured_media":0,"parent":0,"menu_order":1,"comment_status":"closed","ping_status":"closed","template":"","meta":{"h5ap_radio_sources":[],"footnotes":""},"class_list":["post-71","page","type-page","status-publish","hentry"],"_links":{"self":[{"href":"https:\/\/spruchreif.com\/index.php?rest_route=\/wp\/v2\/pages\/71","targetHints":{"allow":["GET"]}}],"collection":[{"href":"https:\/\/spruchreif.com\/index.php?rest_route=\/wp\/v2\/pages"}],"about":[{"href":"https:\/\/spruchreif.com\/index.php?rest_route=\/wp\/v2\/types\/page"}],"author":[{"embeddable":true,"href":"https:\/\/spruchreif.com\/index.php?rest_route=\/wp\/v2\/users\/1"}],"replies":[{"embeddable":true,"href":"https:\/\/spruchreif.com\/index.php?rest_route=%2Fwp%2Fv2%2Fcomments&post=71"}],"version-history":[{"count":151,"href":"https:\/\/spruchreif.com\/index.php?rest_route=\/wp\/v2\/pages\/71\/revisions"}],"predecessor-version":[{"id":1844,"href":"https:\/\/spruchreif.com\/index.php?rest_route=\/wp\/v2\/pages\/71\/revisions\/1844"}],"wp:attachment":[{"href":"https:\/\/spruchreif.com\/index.php?rest_route=%2Fwp%2Fv2%2Fmedia&parent=71"}],"curies":[{"name":"wp","href":"https:\/\/api.w.org\/{rel}","templated":true}]}}