{"id":6,"date":"2011-11-17T10:07:08","date_gmt":"2011-11-17T09:07:08","guid":{"rendered":"http:\/\/geschichteplusn.de\/?page_id=2"},"modified":"2025-08-04T02:23:58","modified_gmt":"2025-08-04T00:23:58","slug":"sample-page-2","status":"publish","type":"page","link":"https:\/\/spruchreif.com\/","title":{"rendered":"h\u00f6ren"},"content":{"rendered":"<div id=\"wp_fb_like_button\" style=\"margin:5px 0 5px 5px;float:right;height:100px;\"><script src=\"http:\/\/connect.facebook.net\/en_US\/all.js#xfbml=1\"><\/script><fb:like href=\"https:\/\/spruchreif.com\/\" send=\"false\" layout=\"standard\" width=\"450\" show_faces=\"false\" font=\"verdana\" action=\"like\" colorscheme=\"light\"><\/fb:like><\/div><!-- wp:paragraph >{\"align\":\"center\",\"style\":{\"typography\":{\"textTransform\":\"lowercase\",\"letterSpacing\":\"em\"}},\"fontSize\":\"medium\"} -->\n<p class=\"wp-block-heading\" style=\"text-align: center;\"><strong>&#8220;Sprache ist Musik&#8221;<\/strong><\/p>\n<!-- \/wp:post-content -->\n\n<!-- wp:html -->\n<figure class=\"wp-block-image\"><img decoding=\"async\" src=\"https:\/\/spruchreif.com\/wp-content\/uploads\/2025\/01\/start-spruchreif-1.jpg\" \/><\/figure>\n<!-- \/wp:html -->\n\nFoto by \u00a9 Phil Vetter 2023\n\n<!-- wp:heading -->\n<h2 class=\"wp-block-heading\">\u00a0<strong> Klaus B. Wolf<\/strong><\/h2>\n<!-- \/wp:heading -->\n\n<!-- wp:paragraph -->\n\n<strong>&#8220;Was man nicht gemacht hat, gibt&#8217;s nicht&#8221;<\/strong>\n<figure><\/figure>\n<!-- \/wp:paragraph -->\n\n<!-- wp:paragraph -->\n\nSeit mehr als 30 Jahren als Sprecher und Schauspieler aktiv.\nWDR, ZDF, BR, Pro7, Sky, Kommentar, Werbung, H\u00f6rbuch, oder als Stimme ganz woanders&#8230;<figure>\nH\u00f6ren Sie sich mal um.<figure>\nLassen Sie sich berieseln und horchen Sie auf!\n\n<!-- \/wp:paragraph -->\n\n<!-- wp:paragraph -->\n<figure>\nF\u00fcr Buchungen und Termine: <a href=\"mailto:info@spruchreif.com\" target=\"_blank\" rel=\"noreferrer noopener\">\u2192\u00a0info@spruchreif.com<\/a>\n\n<!-- \/wp:paragraph -->\n\n<!-- wp:paragraph -->\n<figure><\/figure>\n<strong>NACHvertont -\u00bbDas Leben des Vernon Subutex\u2039 <\/strong>\n<iframe loading=\"lazy\" title=\"YouTube video player\" src=\"https:\/\/www.youtube.com\/embed\/2K6dNjnl-_g?si=tslbq0b6-PambIBt\" width=\"560\" height=\"315\" frameborder=\"0\" allowfullscreen=\"allowfullscreen\"><\/iframe>\n\n<!-- \/wp:paragraph --><\/figure>\n<\/figure>\n<figure><\/figure>\n<figure><\/figure>\n<figure><\/figure>\n<figure><\/figure>\n<figure><strong><strong>H\u00d6RBUCH &#8220;SWAN SONG-Thriller&#8221;<\/strong><\/strong>Auszug<!-- \/wp:paragraph -->\n<figure><img decoding=\"async\" src=\"https:\/\/spruchreif.com\/wp-content\/uploads\/2024\/09\/swan-song-2.png\" \/><\/figure>\n<audio class=\"wp-audio-shortcode\" id=\"audio-6-1\" preload=\"none\" style=\"width: 100%;\" controls=\"controls\"><source type=\"audio\/mpeg\" src=\"https:\/\/spruchreif.com\/wp-content\/uploads\/2022\/11\/die-Maschine.mp3?_=1\" \/><a href=\"https:\/\/spruchreif.com\/wp-content\/uploads\/2022\/11\/die-Maschine.mp3\">https:\/\/spruchreif.com\/wp-content\/uploads\/2022\/11\/die-Maschine.mp3<\/a><\/audio>\n\n<!-- \/wp:html --><!-- \/wp:paragraph --><!-- \/wp:paragraph -->\n<figure><\/figure>\n<\/b><strong>Projekt einer 17 j\u00e4hrigen Sch\u00fclerin \u00fcber &#8220;FLUCHT&#8221;<\/strong>Auszug<!-- \/wp:paragraph -->\n<figure><img decoding=\"async\" src=\"https:\/\/spruchreif.com\/wp-content\/uploads\/2025\/07\/flucht-1.jpg\" \/><\/figure> \n<!-- \/wp:paragraph -->\n<audio class=\"wp-audio-shortcode\" id=\"audio-6-2\" preload=\"none\" style=\"width: 100%;\" controls=\"controls\"><source type=\"audio\/mpeg\" src=\"https:\/\/spruchreif.com\/wp-content\/uploads\/2025\/07\/Auszug_Flucht.mp3?_=2\" \/><a href=\"https:\/\/spruchreif.com\/wp-content\/uploads\/2025\/07\/Auszug_Flucht.mp3\">https:\/\/spruchreif.com\/wp-content\/uploads\/2025\/07\/Auszug_Flucht.mp3<\/a><\/audio>\n<!-- \/wp:paragraph -->\n\n<!-- wp:paragraph -->\n<figure><\/figure>\n\n<!-- wp:heading {\"level\":5} -->\n\n<!-- \/wp:heading -->\n\n<!-- \/wp:paragraph --><figure><\/figure>\n<strong>NATIONAL GEOGRAPHIC-voice over<\/strong>\n<iframe loading=\"lazy\" width=\"560\" height=\"315\" src=\"https:\/\/www.youtube.com\/embed\/tslatWO74Wc?si=gfBHZ8gYkR9Lmpfe\" title=\"YouTube video player\" frameborder=\"0\" allow=\"accelerometer; autoplay; clipboard-write; encrypted-media; gyroscope; picture-in-picture; web-share\" referrerpolicy=\"strict-origin-when-cross-origin\" allowfullscreen><\/iframe>\n<!-- \/wp:paragraph -->\n<!-- \/wp:paragraph -->\n<!-- \/wp:paragraph -->\n<figure><\/figure>\n<strong>DIALEKTE<\/strong>\n\n<!-- \/wp:paragraph -->\n\n<!-- wp:html -->\n<figure><audio class=\"wp-audio-shortcode\" id=\"audio-6-3\" preload=\"none\" style=\"width: 100%;\" controls=\"controls\"><source type=\"audio\/mpeg\" src=\"https:\/\/spruchreif.com\/wp-content\/uploads\/2024\/08\/DIALEKT_KLAUS.mp3?_=3\" \/><a href=\"https:\/\/spruchreif.com\/wp-content\/uploads\/2024\/08\/DIALEKT_KLAUS.mp3\">https:\/\/spruchreif.com\/wp-content\/uploads\/2024\/08\/DIALEKT_KLAUS.mp3<\/a><\/audio><\/figure>\n<\/figure>\n<!-- \/wp:html -->\n\n<!-- wp:heading {\"level\":5} -->\n\n<!-- \/wp:heading -->\n\n<!-- wp:paragraph -->\n<!-- \/wp:paragraph -->\n<figure><\/figure>\n<!-- wp:html -->\n\n<!-- \/wp:html -->\n\n<!-- wp:heading {\"level\":5} -->\n\n<!-- \/wp:heading -->\n\n<!-- wp:paragraph -->\n\n<b>Syncrondemo emotional<\/b>\n\n<audio class=\"wp-audio-shortcode\" id=\"audio-6-4\" preload=\"none\" style=\"width: 100%;\" controls=\"controls\"><source type=\"audio\/wav\" src=\"https:\/\/spruchreif.com\/wp-content\/uploads\/2019\/10\/YellowDub2019_KlausWolf.wav?_=4\" \/><a href=\"https:\/\/spruchreif.com\/wp-content\/uploads\/2019\/10\/YellowDub2019_KlausWolf.wav\">https:\/\/spruchreif.com\/wp-content\/uploads\/2019\/10\/YellowDub2019_KlausWolf.wav<\/a><\/audio>\n\n<!-- \/wp:paragraph -->\n\n<!-- wp:html -->\n\n<!-- \/wp:html -->\n\n<!-- wp:heading {\"level\":5} -->\n\n<!-- \/wp:heading -->\n\n<!-- wp:paragraph -->\n<figure><\/figure>\n<b>Syncrondemo schrill<\/b>\n\n<!-- \/wp:paragraph -->\n\n<!-- wp:html -->\n<figure><audio class=\"wp-audio-shortcode\" id=\"audio-6-5\" preload=\"none\" style=\"width: 100%;\" controls=\"controls\"><source type=\"audio\/mpeg\" src=\"https:\/\/spruchreif.com\/wp-content\/uploads\/2019\/10\/Syncrondemo-schrill.mp3?_=5\" \/><a href=\"https:\/\/spruchreif.com\/wp-content\/uploads\/2019\/10\/Syncrondemo-schrill.mp3\">https:\/\/spruchreif.com\/wp-content\/uploads\/2019\/10\/Syncrondemo-schrill.mp3<\/a><\/audio><\/figure>\n<!-- \/wp:html -->\n\n<!-- wp:heading {\"level\":5} -->\n\n<!-- \/wp:heading -->\n\n<!-- wp:paragraph -->\n<figure><\/figure>\n<b>Syncrondemo markant\n<\/b>\n\n<!-- \/wp:paragraph -->\n\n<!-- wp:html -->\n<figure><audio class=\"wp-audio-shortcode\" id=\"audio-6-6\" preload=\"none\" style=\"width: 100%;\" controls=\"controls\"><source type=\"audio\/mpeg\" src=\"https:\/\/spruchreif.com\/wp-content\/uploads\/2019\/10\/Syncrondemo-markant.mp3?_=6\" \/><a href=\"https:\/\/spruchreif.com\/wp-content\/uploads\/2019\/10\/Syncrondemo-markant.mp3\">https:\/\/spruchreif.com\/wp-content\/uploads\/2019\/10\/Syncrondemo-markant.mp3<\/a><\/audio><\/figure>\n<!-- wp:paragraph -->\n<figure><\/figure>\n<b>ZITATE \n<\/b>\n\n<!-- \/wp:paragraph -->\n\n<!-- wp:html -->\n<figure><audio class=\"wp-audio-shortcode\" id=\"audio-6-7\" preload=\"none\" style=\"width: 100%;\" controls=\"controls\"><source type=\"audio\/mpeg\" src=\"https:\/\/spruchreif.com\/wp-content\/uploads\/2025\/07\/zitate_klaus.mp3?_=7\" \/><a href=\"https:\/\/spruchreif.com\/wp-content\/uploads\/2025\/07\/zitate_klaus.mp3\">https:\/\/spruchreif.com\/wp-content\/uploads\/2025\/07\/zitate_klaus.mp3<\/a><\/audio><\/figure>\n<strong>Voice over Demo <\/strong>\n<figure><audio class=\"wp-audio-shortcode\" id=\"audio-6-8\" preload=\"none\" style=\"width: 100%;\" controls=\"controls\"><source type=\"audio\/mpeg\" src=\"https:\/\/spruchreif.com\/wp-content\/uploads\/2019\/10\/KlausBernhardWolf_VoiceOver.mp3?_=8\" \/><a href=\"https:\/\/spruchreif.com\/wp-content\/uploads\/2019\/10\/KlausBernhardWolf_VoiceOver.mp3\">https:\/\/spruchreif.com\/wp-content\/uploads\/2019\/10\/KlausBernhardWolf_VoiceOver.mp3<\/a><\/audio><\/figure>\n<strong>OFF-WDR 2012<\/strong> &#8220;Miriam Makeba. Das Leben der Mama Afrika. Von Grace Yoon &#8221;\n\n<audio class=\"wp-audio-shortcode\" id=\"audio-6-9\" preload=\"none\" style=\"width: 100%;\" controls=\"controls\"><source type=\"audio\/mpeg\" src=\"https:\/\/spruchreif.com\/wp-content\/uploads\/2024\/02\/EQ-neu-WDR-3-cutup-Miriam-Makeba_Radio-Feature.mp3?_=9\" \/><a href=\"https:\/\/spruchreif.com\/wp-content\/uploads\/2024\/02\/EQ-neu-WDR-3-cutup-Miriam-Makeba_Radio-Feature.mp3\">https:\/\/spruchreif.com\/wp-content\/uploads\/2024\/02\/EQ-neu-WDR-3-cutup-Miriam-Makeba_Radio-Feature.mp3<\/a><\/audio>\n\n<!-- \/wp:html -->\n\n<!-- wp:paragraph -->\n\n<!-- \/wp:paragraph -->\n\n<!-- wp:paragraph -->\n\n<!-- \/wp:paragraph -->\n<figure><\/figure>\n<figure><\/figure>\n<strong>IMAGE<\/strong>\n<iframe loading=\"lazy\" src=\"https:\/\/www.youtube.com\/embed\/DgGyTWh5Z40\" width=\"560\" height=\"315\" frameborder=\"0\" allowfullscreen=\"allowfullscreen\"><\/iframe>&#8212;\n<figure><\/figure>\n\n<strong>BEITRAG zum BOXSPORT<\/strong>\n<iframe loading=\"lazy\" title=\"YouTube video player\" src=\"https:\/\/www.youtube.com\/embed\/TPGKhG8Gss4?si=3zPunHFiuS508rPg\" width=\"560\" height=\"315\" frameborder=\"0\" allowfullscreen=\"allowfullscreen\"><\/iframe>&#8212;\n<figure><\/figure>\n\n<strong>\n<strong>Erkl\u00e4rvideo erkl\u00e4rt<\/strong>\n<iframe loading=\"lazy\" src=\"https:\/\/www.youtube.com\/embed\/UI6YnR2EDF0\" width=\"560\" height=\"315\" frameborder=\"0\" allowfullscreen=\"allowfullscreen\"><\/><\/iframe>&#8212;\n<figure><\/figure>\n\n<strong>\n<strong>\n<strong>Erkl\u00e4rvideo STROM<\/strong>\n<iframe loading=\"lazy\" title=\"YouTube video player\" src=\"https:\/\/www.youtube.com\/embed\/ZrWJlmHbsy8?si=5Sgu-BKB3ahPsFwB\" width=\"560\" height=\"315\" frameborder=\"0\" allowfullscreen=\"allowfullscreen\"><\/iframe>\n\n<!-- \/wp:paragraph -->\n\n<!-- wp:paragraph -->\n<figure><\/figure>\nZum Download hier\n\n<!-- \/wp:paragraph -->\n\n<!-- wp:group -->\n<div class=\"wp-block-group\"><!-- wp:image {\"id\":753,\"width\":71,\"height\":71} --><\/div>\n<figure class=\"wp-block-image is-resized\"><img loading=\"lazy\" decoding=\"async\" class=\"wp-image-753\" src=\"https:\/\/spruchreif.com\/wp-content\/uploads\/2022\/04\/cropped-spruchreif.png\" alt=\"\" width=\"71\" height=\"71\" srcset=\"https:\/\/spruchreif.com\/wp-content\/uploads\/2022\/04\/cropped-spruchreif.png 225w, https:\/\/spruchreif.com\/wp-content\/uploads\/2022\/04\/cropped-spruchreif-150x150.png 150w, https:\/\/spruchreif.com\/wp-content\/uploads\/2022\/04\/cropped-spruchreif-144x144.png 144w\" sizes=\"auto, (max-width: 71px) 100vw, 71px\" \/><\/figure>\n<!-- \/wp:image -->\n\n<!-- wp:paragraph -->\n\n<a href=\"https:\/\/transfer.spruchreif.com\/index.php\/s\/P3gf643cj8iQmBD\">TON und BILD <\/a>vom Klaus\n\n<!-- \/wp:paragraph -->\n\n<!-- \/wp:group -->\n\n<!-- wp:paragraph -->\n<figure><\/figure>\n<a href=\"https:\/\/de.wikipedia.org\/wiki\/Klaus_B._Wolf\">Klaus auf WIKIPEDIA<\/a>\n\n<!-- \/wp:paragraph -->\n\n<!-- wp:paragraph -->\n<figure><\/figure>\n<em>Spruchreif<\/em> \/ Klaus B. Wolf\nKlenzestr. 46 \/ 80469 M\u00fcnchen\nTel: 089 2604105 \/ Mobil: 0179 6958191\n<a href=\"mailto:info@spruchreif.com\">info@spruchreif.com<\/a>\n\n<!-- \/wp:image -->\n\n<!-- \/wp:paragraph --><\/figure>\n<\/figure>","protected":false},"excerpt":{"rendered":"<p class=\"wp-block-heading\" style=\"text-align: center;\">&#8220;Sprache ist Musik&#8221;<\/p>\n<p> Foto by \u00a9 Phil Vetter 2023 \u00a0 Klaus B. Wolf &#8220;Was man nicht gemacht hat, gibt&#8217;s nicht&#8221; Seit mehr als 30 Jahren als Sprecher und Schauspieler aktiv. WDR, ZDF, BR, Pro7, Sky, Kommentar, Werbung, H\u00f6rbuch, oder als Stimme ganz woanders&#8230; H\u00f6ren Sie sich mal um. Lassen Sie sich berieseln [&#8230;]<\/p>\n","protected":false},"author":1,"featured_media":0,"parent":0,"menu_order":2,"comment_status":"closed","ping_status":"closed","template":"","meta":{"h5ap_radio_sources":[],"footnotes":""},"class_list":["post-6","page","type-page","status-publish","hentry"],"_links":{"self":[{"href":"https:\/\/spruchreif.com\/index.php?rest_route=\/wp\/v2\/pages\/6","targetHints":{"allow":["GET"]}}],"collection":[{"href":"https:\/\/spruchreif.com\/index.php?rest_route=\/wp\/v2\/pages"}],"about":[{"href":"https:\/\/spruchreif.com\/index.php?rest_route=\/wp\/v2\/types\/page"}],"author":[{"embeddable":true,"href":"https:\/\/spruchreif.com\/index.php?rest_route=\/wp\/v2\/users\/1"}],"replies":[{"embeddable":true,"href":"https:\/\/spruchreif.com\/index.php?rest_route=%2Fwp%2Fv2%2Fcomments&post=6"}],"version-history":[{"count":774,"href":"https:\/\/spruchreif.com\/index.php?rest_route=\/wp\/v2\/pages\/6\/revisions"}],"predecessor-version":[{"id":1912,"href":"https:\/\/spruchreif.com\/index.php?rest_route=\/wp\/v2\/pages\/6\/revisions\/1912"}],"wp:attachment":[{"href":"https:\/\/spruchreif.com\/index.php?rest_route=%2Fwp%2Fv2%2Fmedia&parent=6"}],"curies":[{"name":"wp","href":"https:\/\/api.w.org\/{rel}","templated":true}]}}